{"id":2039,"date":"2024-06-24T20:38:43","date_gmt":"2024-06-24T20:38:43","guid":{"rendered":"https:\/\/lloydpaulista.com.br\/?page_id=2039"},"modified":"2024-06-25T20:31:11","modified_gmt":"2024-06-25T20:31:11","slug":"dpo","status":"publish","type":"page","link":"https:\/\/lloydpaulista.com.br\/english\/dpo\/","title":{"rendered":"DPO"},"content":{"rendered":"<div data-elementor-type=\"wp-page\" data-elementor-id=\"2039\" class=\"elementor elementor-2039\" data-elementor-post-type=\"page\">\n\t\t\t\t\t\t<section class=\"elementor-section elementor-top-section elementor-element elementor-element-e224da4 elementor-section-content-middle elementor-section-boxed elementor-section-height-default elementor-section-height-default\" data-id=\"e224da4\" data-element_type=\"section\" data-e-type=\"section\">\n\t\t\t\t\t\t<div class=\"elementor-container elementor-column-gap-default\">\n\t\t\t\t\t<div class=\"elementor-column elementor-col-100 elementor-top-column elementor-element elementor-element-0803e3f\" data-id=\"0803e3f\" data-element_type=\"column\" data-e-type=\"column\">\n\t\t\t<div class=\"elementor-widget-wrap elementor-element-populated\">\n\t\t\t\t\t\t<div class=\"elementor-element elementor-element-7629553 elementor-widget elementor-widget-heading\" data-id=\"7629553\" data-element_type=\"widget\" data-e-type=\"widget\" data-widget_type=\"heading.default\">\n\t\t\t\t<div class=\"elementor-widget-container\">\n\t\t\t\t\t<h2 class=\"elementor-heading-title elementor-size-default\">DPO CONTACT<\/h2>\t\t\t\t<\/div>\n\t\t\t\t<\/div>\n\t\t\t\t<div class=\"elementor-element elementor-element-c17a83f elementor-widget elementor-widget-text-editor\" data-id=\"c17a83f\" data-element_type=\"widget\" data-e-type=\"widget\" data-widget_type=\"text-editor.default\">\n\t\t\t\t<div class=\"elementor-widget-container\">\n\t\t\t\t\t\t\t\t\t<p><strong>Person in Charge<\/strong>: P\u00e2mela Ribeiro Gasco<br \/><strong>Address<\/strong> Avenida Marechal C\u00e2mara, 160 \u2013 sala 1032, centro- Rio de Janeiro\/RJ \u2013 Cep: 20.020-080<br \/><strong>Phone<\/strong> (21) 2224-3535 \/ (21) 98077-0013<br \/><strong>E-mail:<\/strong> lgpd-lloyd@lloydpaulista.com.br<\/p>\t\t\t\t\t\t\t\t<\/div>\n\t\t\t\t<\/div>\n\t\t\t\t\t<\/div>\n\t\t<\/div>\n\t\t\t\t\t<\/div>\n\t\t<\/section>\n\t\t\t\t<\/div>","protected":false},"excerpt":{"rendered":"<p>CONTATO DO DPO Dados do Encarregado: P\u00e2mela Ribeiro GascoEndere\u00e7o: Avenida Marechal C\u00e2mara, 160 \u2013 sala 1032, centro- Rio de Janeiro\/RJ \u2013 Cep: 20.020-080Telefone: (21) 2224-3535 \/ (21) 98077-0013E-mail: lgpd-lloyd@lloydpaulista.com.br<\/p>","protected":false},"author":2,"featured_media":0,"parent":0,"menu_order":0,"comment_status":"closed","ping_status":"closed","template":"","meta":{"footnotes":""},"class_list":["post-2039","page","type-page","status-publish","hentry"],"_links":{"self":[{"href":"https:\/\/lloydpaulista.com.br\/english\/wp-json\/wp\/v2\/pages\/2039","targetHints":{"allow":["GET"]}}],"collection":[{"href":"https:\/\/lloydpaulista.com.br\/english\/wp-json\/wp\/v2\/pages"}],"about":[{"href":"https:\/\/lloydpaulista.com.br\/english\/wp-json\/wp\/v2\/types\/page"}],"author":[{"embeddable":true,"href":"https:\/\/lloydpaulista.com.br\/english\/wp-json\/wp\/v2\/users\/2"}],"replies":[{"embeddable":true,"href":"https:\/\/lloydpaulista.com.br\/english\/wp-json\/wp\/v2\/comments?post=2039"}],"version-history":[{"count":7,"href":"https:\/\/lloydpaulista.com.br\/english\/wp-json\/wp\/v2\/pages\/2039\/revisions"}],"predecessor-version":[{"id":2054,"href":"https:\/\/lloydpaulista.com.br\/english\/wp-json\/wp\/v2\/pages\/2039\/revisions\/2054"}],"wp:attachment":[{"href":"https:\/\/lloydpaulista.com.br\/english\/wp-json\/wp\/v2\/media?parent=2039"}],"curies":[{"name":"wp","href":"https:\/\/api.w.org\/{rel}","templated":true}]}}