{"id":259,"date":"2022-01-19T13:05:58","date_gmt":"2022-01-19T13:05:58","guid":{"rendered":"https:\/\/lloydpaulista.com.br\/?page_id=259"},"modified":"2024-07-02T00:19:26","modified_gmt":"2024-07-02T00:19:26","slug":"responsabilidade-civil","status":"publish","type":"page","link":"https:\/\/lloydpaulista.com.br\/english\/responsabilidade-civil\/","title":{"rendered":"LIABILITY"},"content":{"rendered":"<div data-elementor-type=\"wp-page\" data-elementor-id=\"259\" class=\"elementor elementor-259\" data-elementor-post-type=\"page\">\n\t\t\t\t\t\t<section class=\"elementor-section elementor-top-section elementor-element elementor-element-9071827 elementor-section-boxed elementor-section-height-default elementor-section-height-default\" data-id=\"9071827\" data-element_type=\"section\" data-e-type=\"section\" data-settings=\"{&quot;background_background&quot;:&quot;classic&quot;}\">\n\t\t\t\t\t\t<div class=\"elementor-container elementor-column-gap-default\">\n\t\t\t\t\t<div class=\"elementor-column elementor-col-100 elementor-top-column elementor-element elementor-element-1f052c2\" data-id=\"1f052c2\" data-element_type=\"column\" data-e-type=\"column\">\n\t\t\t<div class=\"elementor-widget-wrap elementor-element-populated\">\n\t\t\t\t\t\t<div class=\"elementor-element elementor-element-b800121 elementor-widget elementor-widget-image\" data-id=\"b800121\" data-element_type=\"widget\" data-e-type=\"widget\" data-widget_type=\"image.default\">\n\t\t\t\t<div class=\"elementor-widget-container\">\n\t\t\t\t\t\t\t\t\t\t\t\t\t\t\t<img fetchpriority=\"high\" decoding=\"async\" width=\"1928\" height=\"717\" src=\"https:\/\/lloydpaulista.com.br\/wp-content\/uploads\/2022\/01\/22.png\" class=\"attachment-2048x2048 size-2048x2048 wp-image-359\" alt=\"\" srcset=\"https:\/\/lloydpaulista.com.br\/wp-content\/uploads\/2022\/01\/22.png 1928w, https:\/\/lloydpaulista.com.br\/wp-content\/uploads\/2022\/01\/22-300x112.png 300w, https:\/\/lloydpaulista.com.br\/wp-content\/uploads\/2022\/01\/22-1024x381.png 1024w, https:\/\/lloydpaulista.com.br\/wp-content\/uploads\/2022\/01\/22-768x286.png 768w, https:\/\/lloydpaulista.com.br\/wp-content\/uploads\/2022\/01\/22-1536x571.png 1536w\" sizes=\"(max-width: 1928px) 100vw, 1928px\" \/>\t\t\t\t\t\t\t\t\t\t\t\t\t\t\t<\/div>\n\t\t\t\t<\/div>\n\t\t\t\t\t<\/div>\n\t\t<\/div>\n\t\t\t\t\t<\/div>\n\t\t<\/section>\n\t\t\t\t<section class=\"elementor-section elementor-top-section elementor-element elementor-element-f5ecd2f elementor-section-boxed elementor-section-height-default elementor-section-height-default\" data-id=\"f5ecd2f\" data-element_type=\"section\" data-e-type=\"section\" data-settings=\"{&quot;background_background&quot;:&quot;classic&quot;}\">\n\t\t\t\t\t\t<div class=\"elementor-container elementor-column-gap-default\">\n\t\t\t\t\t<div class=\"elementor-column elementor-col-50 elementor-top-column elementor-element elementor-element-fbd920f\" data-id=\"fbd920f\" data-element_type=\"column\" data-e-type=\"column\">\n\t\t\t<div class=\"elementor-widget-wrap elementor-element-populated\">\n\t\t\t\t\t\t<section class=\"elementor-section elementor-inner-section elementor-element elementor-element-d885c13 elementor-section-boxed elementor-section-height-default elementor-section-height-default\" data-id=\"d885c13\" data-element_type=\"section\" data-e-type=\"section\">\n\t\t\t\t\t\t<div class=\"elementor-container elementor-column-gap-default\">\n\t\t\t\t\t<div class=\"elementor-column elementor-col-100 elementor-inner-column elementor-element elementor-element-5ffea1a\" data-id=\"5ffea1a\" data-element_type=\"column\" data-e-type=\"column\">\n\t\t\t<div class=\"elementor-widget-wrap elementor-element-populated\">\n\t\t\t\t\t\t<div class=\"elementor-element elementor-element-4d83cd5 elementor-widget elementor-widget-heading\" data-id=\"4d83cd5\" data-element_type=\"widget\" data-e-type=\"widget\" data-widget_type=\"heading.default\">\n\t\t\t\t<div class=\"elementor-widget-container\">\n\t\t\t\t\t<h2 class=\"elementor-heading-title elementor-size-default\">LIABILITY\n<\/h2>\t\t\t\t<\/div>\n\t\t\t\t<\/div>\n\t\t\t\t<div class=\"elementor-element elementor-element-073327b elementor-widget elementor-widget-text-editor\" data-id=\"073327b\" data-element_type=\"widget\" data-e-type=\"widget\" data-widget_type=\"text-editor.default\">\n\t\t\t\t<div class=\"elementor-widget-container\">\n\t\t\t\t\t\t\t\t\t<p>Intended for small, medium and large companies, this insurance guarantees coverage for involuntary, material or personal damages caused to third parties, through the reimbursement of amounts paid in accordance with judicial decisions.<\/p>\t\t\t\t\t\t\t\t<\/div>\n\t\t\t\t<\/div>\n\t\t\t\t<div class=\"elementor-element elementor-element-a82b2f2 elementor-widget elementor-widget-button\" data-id=\"a82b2f2\" data-element_type=\"widget\" data-e-type=\"widget\" data-widget_type=\"button.default\">\n\t\t\t\t<div class=\"elementor-widget-container\">\n\t\t\t\t\t\t\t\t\t<div class=\"elementor-button-wrapper\">\n\t\t\t\t\t<a class=\"elementor-button elementor-button-link elementor-size-sm\" href=\"\/english\/cotacao\/\">\n\t\t\t\t\t\t<span class=\"elementor-button-content-wrapper\">\n\t\t\t\t\t\t\t\t\t<span class=\"elementor-button-text\">REQUEST A QUOTE<\/span>\n\t\t\t\t\t<\/span>\n\t\t\t\t\t<\/a>\n\t\t\t\t<\/div>\n\t\t\t\t\t\t\t\t<\/div>\n\t\t\t\t<\/div>\n\t\t\t\t\t<\/div>\n\t\t<\/div>\n\t\t\t\t\t<\/div>\n\t\t<\/section>\n\t\t\t\t\t<\/div>\n\t\t<\/div>\n\t\t\t\t<div class=\"elementor-column elementor-col-50 elementor-top-column elementor-element elementor-element-1489113\" data-id=\"1489113\" data-element_type=\"column\" data-e-type=\"column\">\n\t\t\t<div class=\"elementor-widget-wrap elementor-element-populated\">\n\t\t\t\t\t\t<div class=\"elementor-element elementor-element-9d4d065 elementor-widget elementor-widget-text-editor\" data-id=\"9d4d065\" data-element_type=\"widget\" data-e-type=\"widget\" data-widget_type=\"text-editor.default\">\n\t\t\t\t<div class=\"elementor-widget-container\">\n\t\t\t\t\t\t\t\t\t<p><strong>PROTECTION FOR:<\/strong><\/p><ul><li>Marine agents<\/li><li>Restaurants and bars<\/li><li>Hotels<\/li><li>Educational Institutions<\/li><li>Clubs<\/li><li>Condominiums<\/li><li>Shopping Centers<\/li><li>Civil constructions<\/li><li>Exhibitions and trade shows<\/li><li>Rendering of services at third-party locations<\/li><li>Loading and unloading operation<\/li><li>Pharmacies and drugstores<\/li><li>Among others<\/li><\/ul>\t\t\t\t\t\t\t\t<\/div>\n\t\t\t\t<\/div>\n\t\t\t\t\t<\/div>\n\t\t<\/div>\n\t\t\t\t\t<\/div>\n\t\t<\/section>\n\t\t\t\t<\/div>","protected":false},"excerpt":{"rendered":"<p>RESPONSABILIDADE CIVIL Destinado a pequenas, m\u00e9dias e grandes empresas, este seguro garante a responsabilidade por danos involunt\u00e1rios, materiais ou pessoais causados a terceiros, atrav\u00e9s do ressarcimento de valores pagos decorrentes de senten\u00e7a judicial. SOLICITE UMA COTA\u00c7\u00c3O PROTE\u00c7\u00c3O PARA: Agentes mar\u00edtimos Restaurantes e bares Hot\u00e9is Institui\u00e7\u00f5es de ensino Clubes Condom\u00ednios Shopping Centers Obras civis em constru\u00e7\u00e3o [&hellip;]<\/p>\n","protected":false},"author":1,"featured_media":0,"parent":0,"menu_order":0,"comment_status":"closed","ping_status":"closed","template":"","meta":{"footnotes":""},"class_list":["post-259","page","type-page","status-publish","hentry"],"_links":{"self":[{"href":"https:\/\/lloydpaulista.com.br\/english\/wp-json\/wp\/v2\/pages\/259","targetHints":{"allow":["GET"]}}],"collection":[{"href":"https:\/\/lloydpaulista.com.br\/english\/wp-json\/wp\/v2\/pages"}],"about":[{"href":"https:\/\/lloydpaulista.com.br\/english\/wp-json\/wp\/v2\/types\/page"}],"author":[{"embeddable":true,"href":"https:\/\/lloydpaulista.com.br\/english\/wp-json\/wp\/v2\/users\/1"}],"replies":[{"embeddable":true,"href":"https:\/\/lloydpaulista.com.br\/english\/wp-json\/wp\/v2\/comments?post=259"}],"version-history":[{"count":25,"href":"https:\/\/lloydpaulista.com.br\/english\/wp-json\/wp\/v2\/pages\/259\/revisions"}],"predecessor-version":[{"id":2421,"href":"https:\/\/lloydpaulista.com.br\/english\/wp-json\/wp\/v2\/pages\/259\/revisions\/2421"}],"wp:attachment":[{"href":"https:\/\/lloydpaulista.com.br\/english\/wp-json\/wp\/v2\/media?parent=259"}],"curies":[{"name":"wp","href":"https:\/\/api.w.org\/{rel}","templated":true}]}}