{"id":273,"date":"2022-01-19T13:43:46","date_gmt":"2022-01-19T13:43:46","guid":{"rendered":"https:\/\/lloydpaulista.com.br\/?page_id=273"},"modified":"2024-07-02T00:19:55","modified_gmt":"2024-07-02T00:19:55","slug":"do","status":"publish","type":"page","link":"https:\/\/lloydpaulista.com.br\/english\/do\/","title":{"rendered":"D&#038;O"},"content":{"rendered":"<div data-elementor-type=\"wp-page\" data-elementor-id=\"273\" class=\"elementor elementor-273\" data-elementor-post-type=\"page\">\n\t\t\t\t\t\t<section class=\"elementor-section elementor-top-section elementor-element elementor-element-9071827 elementor-section-boxed elementor-section-height-default elementor-section-height-default\" data-id=\"9071827\" data-element_type=\"section\" data-e-type=\"section\" data-settings=\"{&quot;background_background&quot;:&quot;classic&quot;}\">\n\t\t\t\t\t\t<div class=\"elementor-container elementor-column-gap-default\">\n\t\t\t\t\t<div class=\"elementor-column elementor-col-100 elementor-top-column elementor-element elementor-element-1f052c2\" data-id=\"1f052c2\" data-element_type=\"column\" data-e-type=\"column\">\n\t\t\t<div class=\"elementor-widget-wrap elementor-element-populated\">\n\t\t\t\t\t\t<div class=\"elementor-element elementor-element-84c72c2 elementor-widget elementor-widget-image\" data-id=\"84c72c2\" data-element_type=\"widget\" data-e-type=\"widget\" data-widget_type=\"image.default\">\n\t\t\t\t<div class=\"elementor-widget-container\">\n\t\t\t\t\t\t\t\t\t\t\t\t\t\t\t<img fetchpriority=\"high\" decoding=\"async\" width=\"1928\" height=\"717\" src=\"https:\/\/lloydpaulista.com.br\/wp-content\/uploads\/2022\/01\/27.png\" class=\"attachment-2048x2048 size-2048x2048 wp-image-379\" alt=\"\" srcset=\"https:\/\/lloydpaulista.com.br\/wp-content\/uploads\/2022\/01\/27.png 1928w, https:\/\/lloydpaulista.com.br\/wp-content\/uploads\/2022\/01\/27-300x112.png 300w, https:\/\/lloydpaulista.com.br\/wp-content\/uploads\/2022\/01\/27-1024x381.png 1024w, https:\/\/lloydpaulista.com.br\/wp-content\/uploads\/2022\/01\/27-768x286.png 768w, https:\/\/lloydpaulista.com.br\/wp-content\/uploads\/2022\/01\/27-1536x571.png 1536w\" sizes=\"(max-width: 1928px) 100vw, 1928px\" \/>\t\t\t\t\t\t\t\t\t\t\t\t\t\t\t<\/div>\n\t\t\t\t<\/div>\n\t\t\t\t<section class=\"elementor-section elementor-inner-section elementor-element elementor-element-622a809 elementor-section-boxed elementor-section-height-default elementor-section-height-default\" data-id=\"622a809\" data-element_type=\"section\" data-e-type=\"section\">\n\t\t\t\t\t\t<div class=\"elementor-container elementor-column-gap-default\">\n\t\t\t\t\t<div class=\"elementor-column elementor-col-50 elementor-inner-column elementor-element elementor-element-9c50a1a\" data-id=\"9c50a1a\" data-element_type=\"column\" data-e-type=\"column\">\n\t\t\t<div class=\"elementor-widget-wrap elementor-element-populated\">\n\t\t\t\t\t\t<div class=\"elementor-element elementor-element-4d83cd5 elementor-widget elementor-widget-heading\" data-id=\"4d83cd5\" data-element_type=\"widget\" data-e-type=\"widget\" data-widget_type=\"heading.default\">\n\t\t\t\t<div class=\"elementor-widget-container\">\n\t\t\t\t\t<h2 class=\"elementor-heading-title elementor-size-default\">D&amp;O\n<\/h2>\t\t\t\t<\/div>\n\t\t\t\t<\/div>\n\t\t\t\t<div class=\"elementor-element elementor-element-4a67676 elementor-widget elementor-widget-text-editor\" data-id=\"4a67676\" data-element_type=\"widget\" data-e-type=\"widget\" data-widget_type=\"text-editor.default\">\n\t\t\t\t<div class=\"elementor-widget-container\">\n\t\t\t\t\t\t\t\t\t<p>D &amp; O Insurance protects the assets of Directors and Officers of companies, who may become legally or administratively responsible for decisions or actions taken that may cause unintentional damages to third parties.<\/p><p><strong>PROTECTION FOR:<\/strong><\/p><ul><li>Directors<\/li><li>Administrators<\/li><li>Advisors<\/li><li>Managers<\/li><li>Managers<\/li><li>Lawyers with management powers<\/li><li>Among others (on request)<\/li><\/ul>\t\t\t\t\t\t\t\t<\/div>\n\t\t\t\t<\/div>\n\t\t\t\t\t<\/div>\n\t\t<\/div>\n\t\t\t\t<div class=\"elementor-column elementor-col-50 elementor-inner-column elementor-element elementor-element-5964514\" data-id=\"5964514\" data-element_type=\"column\" data-e-type=\"column\">\n\t\t\t<div class=\"elementor-widget-wrap elementor-element-populated\">\n\t\t\t\t\t\t<div class=\"elementor-element elementor-element-1efa8fa elementor-widget elementor-widget-text-editor\" data-id=\"1efa8fa\" data-element_type=\"widget\" data-e-type=\"widget\" data-widget_type=\"text-editor.default\">\n\t\t\t\t<div class=\"elementor-widget-container\">\n\t\t\t\t\t\t\t\t\t<p><strong>COVERAGES<\/strong><\/p><ul><li>Defense costs<\/li><li>Moral damages<\/li><li>Among others<\/li><\/ul>\t\t\t\t\t\t\t\t<\/div>\n\t\t\t\t<\/div>\n\t\t\t\t<div class=\"elementor-element elementor-element-e4c7418 elementor-widget elementor-widget-button\" data-id=\"e4c7418\" data-element_type=\"widget\" data-e-type=\"widget\" data-widget_type=\"button.default\">\n\t\t\t\t<div class=\"elementor-widget-container\">\n\t\t\t\t\t\t\t\t\t<div class=\"elementor-button-wrapper\">\n\t\t\t\t\t<a class=\"elementor-button elementor-button-link elementor-size-sm\" href=\"\/english\/cotacao\/\">\n\t\t\t\t\t\t<span class=\"elementor-button-content-wrapper\">\n\t\t\t\t\t\t\t\t\t<span class=\"elementor-button-text\">REQUEST A QUOTE<\/span>\n\t\t\t\t\t<\/span>\n\t\t\t\t\t<\/a>\n\t\t\t\t<\/div>\n\t\t\t\t\t\t\t\t<\/div>\n\t\t\t\t<\/div>\n\t\t\t\t\t<\/div>\n\t\t<\/div>\n\t\t\t\t\t<\/div>\n\t\t<\/section>\n\t\t\t\t\t<\/div>\n\t\t<\/div>\n\t\t\t\t\t<\/div>\n\t\t<\/section>\n\t\t\t\t<\/div>","protected":false},"excerpt":{"rendered":"<p>D&#038;O O Seguro D&amp;O (\u201cDirectors and Officers Liability Insurance\u201d) protege o patrim\u00f4nio de executivos responsabilizados, judicial ou administrativamente, por decis\u00f5es ou a\u00e7\u00f5es tomadas que causarem danos involunt\u00e1rios a terceiros. PROTE\u00c7\u00c3O PARA: Diretores Administradores Conselheiros Gerentes Supervisores Procuradores com poderes de gest\u00e3o Entre outros (sob consulta) COBERTURAS Custos de defesa Danos morais Entre outros SOLICITE UMA [&hellip;]<\/p>\n","protected":false},"author":1,"featured_media":0,"parent":0,"menu_order":0,"comment_status":"closed","ping_status":"closed","template":"","meta":{"footnotes":""},"class_list":["post-273","page","type-page","status-publish","hentry"],"_links":{"self":[{"href":"https:\/\/lloydpaulista.com.br\/english\/wp-json\/wp\/v2\/pages\/273","targetHints":{"allow":["GET"]}}],"collection":[{"href":"https:\/\/lloydpaulista.com.br\/english\/wp-json\/wp\/v2\/pages"}],"about":[{"href":"https:\/\/lloydpaulista.com.br\/english\/wp-json\/wp\/v2\/types\/page"}],"author":[{"embeddable":true,"href":"https:\/\/lloydpaulista.com.br\/english\/wp-json\/wp\/v2\/users\/1"}],"replies":[{"embeddable":true,"href":"https:\/\/lloydpaulista.com.br\/english\/wp-json\/wp\/v2\/comments?post=273"}],"version-history":[{"count":22,"href":"https:\/\/lloydpaulista.com.br\/english\/wp-json\/wp\/v2\/pages\/273\/revisions"}],"predecessor-version":[{"id":2427,"href":"https:\/\/lloydpaulista.com.br\/english\/wp-json\/wp\/v2\/pages\/273\/revisions\/2427"}],"wp:attachment":[{"href":"https:\/\/lloydpaulista.com.br\/english\/wp-json\/wp\/v2\/media?parent=273"}],"curies":[{"name":"wp","href":"https:\/\/api.w.org\/{rel}","templated":true}]}}