{"id":275,"date":"2022-01-19T13:44:03","date_gmt":"2022-01-19T13:44:03","guid":{"rendered":"https:\/\/lloydpaulista.com.br\/?page_id=275"},"modified":"2024-07-02T00:20:08","modified_gmt":"2024-07-02T00:20:08","slug":"eo","status":"publish","type":"page","link":"https:\/\/lloydpaulista.com.br\/english\/eo\/","title":{"rendered":"E&#038;O"},"content":{"rendered":"<div data-elementor-type=\"wp-page\" data-elementor-id=\"275\" class=\"elementor elementor-275\" data-elementor-post-type=\"page\">\n\t\t\t\t\t\t<section class=\"elementor-section elementor-top-section elementor-element elementor-element-9071827 elementor-section-boxed elementor-section-height-default elementor-section-height-default\" data-id=\"9071827\" data-element_type=\"section\" data-e-type=\"section\" data-settings=\"{&quot;background_background&quot;:&quot;classic&quot;}\">\n\t\t\t\t\t\t<div class=\"elementor-container elementor-column-gap-default\">\n\t\t\t\t\t<div class=\"elementor-column elementor-col-100 elementor-top-column elementor-element elementor-element-1f052c2\" data-id=\"1f052c2\" data-element_type=\"column\" data-e-type=\"column\">\n\t\t\t<div class=\"elementor-widget-wrap elementor-element-populated\">\n\t\t\t\t\t\t<div class=\"elementor-element elementor-element-86063a9 elementor-widget elementor-widget-image\" data-id=\"86063a9\" data-element_type=\"widget\" data-e-type=\"widget\" data-widget_type=\"image.default\">\n\t\t\t\t<div class=\"elementor-widget-container\">\n\t\t\t\t\t\t\t\t\t\t\t\t\t\t\t<img fetchpriority=\"high\" decoding=\"async\" width=\"1928\" height=\"717\" src=\"https:\/\/lloydpaulista.com.br\/wp-content\/uploads\/2022\/01\/23.png\" class=\"attachment-2048x2048 size-2048x2048 wp-image-405\" alt=\"\" srcset=\"https:\/\/lloydpaulista.com.br\/wp-content\/uploads\/2022\/01\/23.png 1928w, https:\/\/lloydpaulista.com.br\/wp-content\/uploads\/2022\/01\/23-300x112.png 300w, https:\/\/lloydpaulista.com.br\/wp-content\/uploads\/2022\/01\/23-1024x381.png 1024w, https:\/\/lloydpaulista.com.br\/wp-content\/uploads\/2022\/01\/23-768x286.png 768w, https:\/\/lloydpaulista.com.br\/wp-content\/uploads\/2022\/01\/23-1536x571.png 1536w\" sizes=\"(max-width: 1928px) 100vw, 1928px\" \/>\t\t\t\t\t\t\t\t\t\t\t\t\t\t\t<\/div>\n\t\t\t\t<\/div>\n\t\t\t\t<section class=\"elementor-section elementor-inner-section elementor-element elementor-element-d6701cf elementor-section-boxed elementor-section-height-default elementor-section-height-default\" data-id=\"d6701cf\" data-element_type=\"section\" data-e-type=\"section\">\n\t\t\t\t\t\t<div class=\"elementor-container elementor-column-gap-default\">\n\t\t\t\t\t<div class=\"elementor-column elementor-col-50 elementor-inner-column elementor-element elementor-element-ad7ff22\" data-id=\"ad7ff22\" data-element_type=\"column\" data-e-type=\"column\">\n\t\t\t<div class=\"elementor-widget-wrap elementor-element-populated\">\n\t\t\t\t\t\t<div class=\"elementor-element elementor-element-4d83cd5 elementor-widget elementor-widget-heading\" data-id=\"4d83cd5\" data-element_type=\"widget\" data-e-type=\"widget\" data-widget_type=\"heading.default\">\n\t\t\t\t<div class=\"elementor-widget-container\">\n\t\t\t\t\t<h2 class=\"elementor-heading-title elementor-size-default\">E&amp;O<\/h2>\t\t\t\t<\/div>\n\t\t\t\t<\/div>\n\t\t\t\t<div class=\"elementor-element elementor-element-1bf9b46 elementor-widget elementor-widget-text-editor\" data-id=\"1bf9b46\" data-element_type=\"widget\" data-e-type=\"widget\" data-widget_type=\"text-editor.default\">\n\t\t\t\t<div class=\"elementor-widget-container\">\n\t\t\t\t\t\t\t\t\t<p>Insurance intended to protect professionals and companies in case of possible Errors and Omissions (E&amp;O) during the performance of their professional duties.<\/p>\t\t\t\t\t\t\t\t<\/div>\n\t\t\t\t<\/div>\n\t\t\t\t<div class=\"elementor-element elementor-element-f9b9004 elementor-widget elementor-widget-button\" data-id=\"f9b9004\" data-element_type=\"widget\" data-e-type=\"widget\" data-widget_type=\"button.default\">\n\t\t\t\t<div class=\"elementor-widget-container\">\n\t\t\t\t\t\t\t\t\t<div class=\"elementor-button-wrapper\">\n\t\t\t\t\t<a class=\"elementor-button elementor-button-link elementor-size-sm\" href=\"\/english\/cotacao\/\">\n\t\t\t\t\t\t<span class=\"elementor-button-content-wrapper\">\n\t\t\t\t\t\t\t\t\t<span class=\"elementor-button-text\">REQUEST A QUOTE<\/span>\n\t\t\t\t\t<\/span>\n\t\t\t\t\t<\/a>\n\t\t\t\t<\/div>\n\t\t\t\t\t\t\t\t<\/div>\n\t\t\t\t<\/div>\n\t\t\t\t\t<\/div>\n\t\t<\/div>\n\t\t\t\t<div class=\"elementor-column elementor-col-50 elementor-inner-column elementor-element elementor-element-8ac7ffe\" data-id=\"8ac7ffe\" data-element_type=\"column\" data-e-type=\"column\">\n\t\t\t<div class=\"elementor-widget-wrap elementor-element-populated\">\n\t\t\t\t\t\t<div class=\"elementor-element elementor-element-36fe1fe elementor-widget elementor-widget-text-editor\" data-id=\"36fe1fe\" data-element_type=\"widget\" data-e-type=\"widget\" data-widget_type=\"text-editor.default\">\n\t\t\t\t<div class=\"elementor-widget-container\">\n\t\t\t\t\t\t\t\t\t<p><strong>COVERAGES<\/strong><\/p><ul><li>Negligence, malpractice and recklessness<\/li><li>Moral damages<\/li><li>Defense costs<\/li><li>Loss, theft and robbery of client\u00b4s documents<\/li><li>Financial losses<\/li><li>Involuntary infringement of intellectual property<\/li><li>Breach of professional confidentiality<\/li><li>Among others<\/li><\/ul>\t\t\t\t\t\t\t\t<\/div>\n\t\t\t\t<\/div>\n\t\t\t\t\t<\/div>\n\t\t<\/div>\n\t\t\t\t\t<\/div>\n\t\t<\/section>\n\t\t\t\t\t<\/div>\n\t\t<\/div>\n\t\t\t\t\t<\/div>\n\t\t<\/section>\n\t\t\t\t<\/div>","protected":false},"excerpt":{"rendered":"<p>E&#038;O Seguro destinado a profissionais e empresas que querem se preservar de poss\u00edveis Erros e Omiss\u00f5es (E&amp;O) causados durante a presta\u00e7\u00e3o de seus servi\u00e7os profissionais. SOLICITE UMA COTA\u00c7\u00c3O COBERTURAS Neglig\u00eancia, imper\u00edcia e imprud\u00eancia Danos morais Custos de defesa Extravio, furto ou roubo de documentos de clientes Perdas financeiras Viola\u00e7\u00e3o involunt\u00e1ria de propriedade intelectual Quebra de [&hellip;]<\/p>\n","protected":false},"author":1,"featured_media":0,"parent":0,"menu_order":0,"comment_status":"closed","ping_status":"closed","template":"","meta":{"footnotes":""},"class_list":["post-275","page","type-page","status-publish","hentry"],"_links":{"self":[{"href":"https:\/\/lloydpaulista.com.br\/english\/wp-json\/wp\/v2\/pages\/275","targetHints":{"allow":["GET"]}}],"collection":[{"href":"https:\/\/lloydpaulista.com.br\/english\/wp-json\/wp\/v2\/pages"}],"about":[{"href":"https:\/\/lloydpaulista.com.br\/english\/wp-json\/wp\/v2\/types\/page"}],"author":[{"embeddable":true,"href":"https:\/\/lloydpaulista.com.br\/english\/wp-json\/wp\/v2\/users\/1"}],"replies":[{"embeddable":true,"href":"https:\/\/lloydpaulista.com.br\/english\/wp-json\/wp\/v2\/comments?post=275"}],"version-history":[{"count":17,"href":"https:\/\/lloydpaulista.com.br\/english\/wp-json\/wp\/v2\/pages\/275\/revisions"}],"predecessor-version":[{"id":2430,"href":"https:\/\/lloydpaulista.com.br\/english\/wp-json\/wp\/v2\/pages\/275\/revisions\/2430"}],"wp:attachment":[{"href":"https:\/\/lloydpaulista.com.br\/english\/wp-json\/wp\/v2\/media?parent=275"}],"curies":[{"name":"wp","href":"https:\/\/api.w.org\/{rel}","templated":true}]}}