{"id":278,"date":"2022-01-19T13:44:36","date_gmt":"2022-01-19T13:44:36","guid":{"rendered":"https:\/\/lloydpaulista.com.br\/?page_id=278"},"modified":"2024-07-02T00:20:29","modified_gmt":"2024-07-02T00:20:29","slug":"saude","status":"publish","type":"page","link":"https:\/\/lloydpaulista.com.br\/english\/saude\/","title":{"rendered":"HEALTH"},"content":{"rendered":"<div data-elementor-type=\"wp-page\" data-elementor-id=\"278\" class=\"elementor elementor-278\" data-elementor-post-type=\"page\">\n\t\t\t\t\t\t<section class=\"elementor-section elementor-top-section elementor-element elementor-element-9071827 elementor-section-boxed elementor-section-height-default elementor-section-height-default\" data-id=\"9071827\" data-element_type=\"section\" data-e-type=\"section\" data-settings=\"{&quot;background_background&quot;:&quot;classic&quot;}\">\n\t\t\t\t\t\t<div class=\"elementor-container elementor-column-gap-default\">\n\t\t\t\t\t<div class=\"elementor-column elementor-col-100 elementor-top-column elementor-element elementor-element-1f052c2\" data-id=\"1f052c2\" data-element_type=\"column\" data-e-type=\"column\">\n\t\t\t<div class=\"elementor-widget-wrap elementor-element-populated\">\n\t\t\t\t\t\t<div class=\"elementor-element elementor-element-f0d36d5 elementor-widget elementor-widget-image\" data-id=\"f0d36d5\" data-element_type=\"widget\" data-e-type=\"widget\" data-widget_type=\"image.default\">\n\t\t\t\t<div class=\"elementor-widget-container\">\n\t\t\t\t\t\t\t\t\t\t\t\t\t\t\t<img fetchpriority=\"high\" decoding=\"async\" width=\"1928\" height=\"717\" src=\"https:\/\/lloydpaulista.com.br\/wp-content\/uploads\/2022\/01\/8.png\" class=\"attachment-2048x2048 size-2048x2048 wp-image-409\" alt=\"\" srcset=\"https:\/\/lloydpaulista.com.br\/wp-content\/uploads\/2022\/01\/8.png 1928w, https:\/\/lloydpaulista.com.br\/wp-content\/uploads\/2022\/01\/8-300x112.png 300w, https:\/\/lloydpaulista.com.br\/wp-content\/uploads\/2022\/01\/8-1024x381.png 1024w, https:\/\/lloydpaulista.com.br\/wp-content\/uploads\/2022\/01\/8-768x286.png 768w, https:\/\/lloydpaulista.com.br\/wp-content\/uploads\/2022\/01\/8-1536x571.png 1536w\" sizes=\"(max-width: 1928px) 100vw, 1928px\" \/>\t\t\t\t\t\t\t\t\t\t\t\t\t\t\t<\/div>\n\t\t\t\t<\/div>\n\t\t\t\t<section class=\"elementor-section elementor-inner-section elementor-element elementor-element-45a68ec elementor-section-boxed elementor-section-height-default elementor-section-height-default\" data-id=\"45a68ec\" data-element_type=\"section\" data-e-type=\"section\">\n\t\t\t\t\t\t<div class=\"elementor-container elementor-column-gap-default\">\n\t\t\t\t\t<div class=\"elementor-column elementor-col-100 elementor-inner-column elementor-element elementor-element-f016e49\" data-id=\"f016e49\" data-element_type=\"column\" data-e-type=\"column\">\n\t\t\t<div class=\"elementor-widget-wrap elementor-element-populated\">\n\t\t\t\t\t\t<div class=\"elementor-element elementor-element-4d83cd5 elementor-widget elementor-widget-heading\" data-id=\"4d83cd5\" data-element_type=\"widget\" data-e-type=\"widget\" data-widget_type=\"heading.default\">\n\t\t\t\t<div class=\"elementor-widget-container\">\n\t\t\t\t\t<h2 class=\"elementor-heading-title elementor-size-default\">HEALTH<\/h2>\t\t\t\t<\/div>\n\t\t\t\t<\/div>\n\t\t\t\t<div class=\"elementor-element elementor-element-16b4a66 elementor-widget elementor-widget-text-editor\" data-id=\"16b4a66\" data-element_type=\"widget\" data-e-type=\"widget\" data-widget_type=\"text-editor.default\">\n\t\t\t\t<div class=\"elementor-widget-container\">\n\t\t\t\t\t\t\t\t\t<p>We offer your company the possibility of providing to your employees the benefit of supplementary medical assistance. We are committed to presenting innovative solutions that meet your specific needs with the best possible cost benefit.<\/p><p>We will do our utmost to keep a close eye on how the benefit will be used, so that we know whether the chosen model is being well received or if it should be reconsidered. The important thing is that your company has a tailor-made health plan for your employees.<\/p><p>Your most valuable asset is the health of your employees and their families. We are here to help you to take care of them.<\/p>\t\t\t\t\t\t\t\t<\/div>\n\t\t\t\t<\/div>\n\t\t\t\t<div class=\"elementor-element elementor-element-2a34729 elementor-widget elementor-widget-button\" data-id=\"2a34729\" data-element_type=\"widget\" data-e-type=\"widget\" data-widget_type=\"button.default\">\n\t\t\t\t<div class=\"elementor-widget-container\">\n\t\t\t\t\t\t\t\t\t<div class=\"elementor-button-wrapper\">\n\t\t\t\t\t<a class=\"elementor-button elementor-button-link elementor-size-sm\" href=\"\/english\/cotacao\/\">\n\t\t\t\t\t\t<span class=\"elementor-button-content-wrapper\">\n\t\t\t\t\t\t\t\t\t<span class=\"elementor-button-text\">REQUEST A QUOTE<\/span>\n\t\t\t\t\t<\/span>\n\t\t\t\t\t<\/a>\n\t\t\t\t<\/div>\n\t\t\t\t\t\t\t\t<\/div>\n\t\t\t\t<\/div>\n\t\t\t\t\t<\/div>\n\t\t<\/div>\n\t\t\t\t\t<\/div>\n\t\t<\/section>\n\t\t\t\t\t<\/div>\n\t\t<\/div>\n\t\t\t\t\t<\/div>\n\t\t<\/section>\n\t\t\t\t<\/div>","protected":false},"excerpt":{"rendered":"<p>SA\u00daDE Oferecemos para a sua empresa a possibilidade de disponibilizar para os seus colaboradores o benef\u00edcio de contar com uma assist\u00eancia m\u00e9dica suplementar.\u00a0Estamos empenhados em apresentar solu\u00e7\u00f5es inovadoras, que atendam \u00e0s suas necessidades espec\u00edficas com o melhor custo-benef\u00edcio poss\u00edvel. Procuramos acompanhar de perto como o benef\u00edcio ser\u00e1 aproveitado, para sabermos se o modelo escolhido est\u00e1 [&hellip;]<\/p>\n","protected":false},"author":1,"featured_media":0,"parent":0,"menu_order":0,"comment_status":"closed","ping_status":"closed","template":"","meta":{"footnotes":""},"class_list":["post-278","page","type-page","status-publish","hentry"],"_links":{"self":[{"href":"https:\/\/lloydpaulista.com.br\/english\/wp-json\/wp\/v2\/pages\/278","targetHints":{"allow":["GET"]}}],"collection":[{"href":"https:\/\/lloydpaulista.com.br\/english\/wp-json\/wp\/v2\/pages"}],"about":[{"href":"https:\/\/lloydpaulista.com.br\/english\/wp-json\/wp\/v2\/types\/page"}],"author":[{"embeddable":true,"href":"https:\/\/lloydpaulista.com.br\/english\/wp-json\/wp\/v2\/users\/1"}],"replies":[{"embeddable":true,"href":"https:\/\/lloydpaulista.com.br\/english\/wp-json\/wp\/v2\/comments?post=278"}],"version-history":[{"count":22,"href":"https:\/\/lloydpaulista.com.br\/english\/wp-json\/wp\/v2\/pages\/278\/revisions"}],"predecessor-version":[{"id":2433,"href":"https:\/\/lloydpaulista.com.br\/english\/wp-json\/wp\/v2\/pages\/278\/revisions\/2433"}],"wp:attachment":[{"href":"https:\/\/lloydpaulista.com.br\/english\/wp-json\/wp\/v2\/media?parent=278"}],"curies":[{"name":"wp","href":"https:\/\/api.w.org\/{rel}","templated":true}]}}