{"id":280,"date":"2022-01-19T13:44:53","date_gmt":"2022-01-19T13:44:53","guid":{"rendered":"https:\/\/lloydpaulista.com.br\/?page_id=280"},"modified":"2024-07-02T00:20:42","modified_gmt":"2024-07-02T00:20:42","slug":"condominio","status":"publish","type":"page","link":"https:\/\/lloydpaulista.com.br\/english\/condominio\/","title":{"rendered":"CONDOMINIUM"},"content":{"rendered":"<div data-elementor-type=\"wp-page\" data-elementor-id=\"280\" class=\"elementor elementor-280\" data-elementor-post-type=\"page\">\n\t\t\t\t\t\t<section class=\"elementor-section elementor-top-section elementor-element elementor-element-9071827 elementor-section-content-middle elementor-section-boxed elementor-section-height-default elementor-section-height-default\" data-id=\"9071827\" data-element_type=\"section\" data-e-type=\"section\" data-settings=\"{&quot;background_background&quot;:&quot;classic&quot;}\">\n\t\t\t\t\t\t<div class=\"elementor-container elementor-column-gap-default\">\n\t\t\t\t\t<div class=\"elementor-column elementor-col-50 elementor-top-column elementor-element elementor-element-1f052c2\" data-id=\"1f052c2\" data-element_type=\"column\" data-e-type=\"column\">\n\t\t\t<div class=\"elementor-widget-wrap elementor-element-populated\">\n\t\t\t\t\t\t<div class=\"elementor-element elementor-element-4d83cd5 elementor-widget elementor-widget-heading\" data-id=\"4d83cd5\" data-element_type=\"widget\" data-e-type=\"widget\" data-widget_type=\"heading.default\">\n\t\t\t\t<div class=\"elementor-widget-container\">\n\t\t\t\t\t<h2 class=\"elementor-heading-title elementor-size-default\">CONDOMINIUM<\/h2>\t\t\t\t<\/div>\n\t\t\t\t<\/div>\n\t\t\t\t<div class=\"elementor-element elementor-element-7d5b385 elementor-widget elementor-widget-text-editor\" data-id=\"7d5b385\" data-element_type=\"widget\" data-e-type=\"widget\" data-widget_type=\"text-editor.default\">\n\t\t\t\t<div class=\"elementor-widget-container\">\n\t\t\t\t\t\t\t\t\t<p>Insurance for residential, commercial or mixed-use condominiums.<\/p><p>More safety and tranquility for building managers and residents.<\/p><p><strong>COVERAGES<\/strong><\/p><ul><li>Fire, lightning, explosion and implosion<\/li><li>Plane crash<\/li><li>Electrical damage<\/li><li>Building Collapse<\/li><li>Civil liability<\/li><li>Among others<\/li><\/ul>\t\t\t\t\t\t\t\t<\/div>\n\t\t\t\t<\/div>\n\t\t\t\t<div class=\"elementor-element elementor-element-51847cb elementor-widget elementor-widget-button\" data-id=\"51847cb\" data-element_type=\"widget\" data-e-type=\"widget\" data-widget_type=\"button.default\">\n\t\t\t\t<div class=\"elementor-widget-container\">\n\t\t\t\t\t\t\t\t\t<div class=\"elementor-button-wrapper\">\n\t\t\t\t\t<a class=\"elementor-button elementor-button-link elementor-size-sm\" href=\"\/english\/cotacao\/\">\n\t\t\t\t\t\t<span class=\"elementor-button-content-wrapper\">\n\t\t\t\t\t\t\t\t\t<span class=\"elementor-button-text\">REQUEST A QUOTE<\/span>\n\t\t\t\t\t<\/span>\n\t\t\t\t\t<\/a>\n\t\t\t\t<\/div>\n\t\t\t\t\t\t\t\t<\/div>\n\t\t\t\t<\/div>\n\t\t\t\t\t<\/div>\n\t\t<\/div>\n\t\t\t\t<div class=\"elementor-column elementor-col-50 elementor-top-column elementor-element elementor-element-89f5e77\" data-id=\"89f5e77\" data-element_type=\"column\" data-e-type=\"column\">\n\t\t\t<div class=\"elementor-widget-wrap elementor-element-populated\">\n\t\t\t\t\t\t<div class=\"elementor-element elementor-element-bcad8b0 elementor-widget elementor-widget-image\" data-id=\"bcad8b0\" data-element_type=\"widget\" data-e-type=\"widget\" data-widget_type=\"image.default\">\n\t\t\t\t<div class=\"elementor-widget-container\">\n\t\t\t\t\t\t\t\t\t\t\t\t\t\t\t<img fetchpriority=\"high\" decoding=\"async\" width=\"2200\" height=\"1467\" src=\"https:\/\/lloydpaulista.com.br\/wp-content\/uploads\/2022\/01\/Condominio-3.jpeg\" class=\"attachment-full size-full wp-image-419\" alt=\"\" srcset=\"https:\/\/lloydpaulista.com.br\/wp-content\/uploads\/2022\/01\/Condominio-3.jpeg 2200w, https:\/\/lloydpaulista.com.br\/wp-content\/uploads\/2022\/01\/Condominio-3-300x200.jpeg 300w, https:\/\/lloydpaulista.com.br\/wp-content\/uploads\/2022\/01\/Condominio-3-1024x683.jpeg 1024w, https:\/\/lloydpaulista.com.br\/wp-content\/uploads\/2022\/01\/Condominio-3-768x512.jpeg 768w, https:\/\/lloydpaulista.com.br\/wp-content\/uploads\/2022\/01\/Condominio-3-1536x1024.jpeg 1536w, https:\/\/lloydpaulista.com.br\/wp-content\/uploads\/2022\/01\/Condominio-3-2048x1366.jpeg 2048w\" sizes=\"(max-width: 2200px) 100vw, 2200px\" \/>\t\t\t\t\t\t\t\t\t\t\t\t\t\t\t<\/div>\n\t\t\t\t<\/div>\n\t\t\t\t\t<\/div>\n\t\t<\/div>\n\t\t\t\t\t<\/div>\n\t\t<\/section>\n\t\t\t\t<\/div>","protected":false},"excerpt":{"rendered":"<p>CONDOM\u00cdNIO Seguro destinado a condom\u00ednios residenciais, comerciais ou mistos. Mais seguran\u00e7a e tranquilidade para s\u00edndicos e moradores. COBERTURAS Inc\u00eandio, raio, explos\u00e3o e implos\u00e3o Queda de aeronave Danos el\u00e9tricos Desmoronamento Responsabilidade civil Entre outras SOLICITE UMA COTA\u00c7\u00c3O<\/p>","protected":false},"author":1,"featured_media":0,"parent":0,"menu_order":0,"comment_status":"closed","ping_status":"closed","template":"","meta":{"footnotes":""},"class_list":["post-280","page","type-page","status-publish","hentry"],"_links":{"self":[{"href":"https:\/\/lloydpaulista.com.br\/english\/wp-json\/wp\/v2\/pages\/280","targetHints":{"allow":["GET"]}}],"collection":[{"href":"https:\/\/lloydpaulista.com.br\/english\/wp-json\/wp\/v2\/pages"}],"about":[{"href":"https:\/\/lloydpaulista.com.br\/english\/wp-json\/wp\/v2\/types\/page"}],"author":[{"embeddable":true,"href":"https:\/\/lloydpaulista.com.br\/english\/wp-json\/wp\/v2\/users\/1"}],"replies":[{"embeddable":true,"href":"https:\/\/lloydpaulista.com.br\/english\/wp-json\/wp\/v2\/comments?post=280"}],"version-history":[{"count":19,"href":"https:\/\/lloydpaulista.com.br\/english\/wp-json\/wp\/v2\/pages\/280\/revisions"}],"predecessor-version":[{"id":2436,"href":"https:\/\/lloydpaulista.com.br\/english\/wp-json\/wp\/v2\/pages\/280\/revisions\/2436"}],"wp:attachment":[{"href":"https:\/\/lloydpaulista.com.br\/english\/wp-json\/wp\/v2\/media?parent=280"}],"curies":[{"name":"wp","href":"https:\/\/api.w.org\/{rel}","templated":true}]}}