{"id":293,"date":"2022-01-19T13:55:28","date_gmt":"2022-01-19T13:55:28","guid":{"rendered":"https:\/\/lloydpaulista.com.br\/?page_id=293"},"modified":"2024-07-02T00:21:22","modified_gmt":"2024-07-02T00:21:22","slug":"automovel","status":"publish","type":"page","link":"https:\/\/lloydpaulista.com.br\/english\/automovel\/","title":{"rendered":"CAR"},"content":{"rendered":"<div data-elementor-type=\"wp-page\" data-elementor-id=\"293\" class=\"elementor elementor-293\" data-elementor-post-type=\"page\">\n\t\t\t\t\t\t<section class=\"elementor-section elementor-top-section elementor-element elementor-element-9071827 elementor-section-content-middle elementor-section-boxed elementor-section-height-default elementor-section-height-default\" data-id=\"9071827\" data-element_type=\"section\" data-e-type=\"section\" data-settings=\"{&quot;background_background&quot;:&quot;classic&quot;}\">\n\t\t\t\t\t\t<div class=\"elementor-container elementor-column-gap-default\">\n\t\t\t\t\t<div class=\"elementor-column elementor-col-50 elementor-top-column elementor-element elementor-element-1f052c2\" data-id=\"1f052c2\" data-element_type=\"column\" data-e-type=\"column\">\n\t\t\t<div class=\"elementor-widget-wrap elementor-element-populated\">\n\t\t\t\t\t\t<div class=\"elementor-element elementor-element-4d83cd5 elementor-widget elementor-widget-heading\" data-id=\"4d83cd5\" data-element_type=\"widget\" data-e-type=\"widget\" data-widget_type=\"heading.default\">\n\t\t\t\t<div class=\"elementor-widget-container\">\n\t\t\t\t\t<h2 class=\"elementor-heading-title elementor-size-default\">CAR<\/h2>\t\t\t\t<\/div>\n\t\t\t\t<\/div>\n\t\t\t\t<div class=\"elementor-element elementor-element-d512e37 elementor-widget elementor-widget-text-editor\" data-id=\"d512e37\" data-element_type=\"widget\" data-e-type=\"widget\" data-widget_type=\"text-editor.default\">\n\t\t\t\t<div class=\"elementor-widget-container\">\n\t\t\t\t\t\t\t\t\t<p>In addition to the basic coverage, we offer additional coverages to better protect you and your car:<\/p><ul><li>Damage to third parties<\/li><li>Personal Accident of passengers<\/li><li>Replacement vehicle<\/li><li>Glass Protection<\/li><li>Accessories<\/li><li>Equipments<\/li><li>24 hour assistance<\/li><li>Among others<\/li><\/ul>\t\t\t\t\t\t\t\t<\/div>\n\t\t\t\t<\/div>\n\t\t\t\t<div class=\"elementor-element elementor-element-aad96bc elementor-widget elementor-widget-button\" data-id=\"aad96bc\" data-element_type=\"widget\" data-e-type=\"widget\" data-widget_type=\"button.default\">\n\t\t\t\t<div class=\"elementor-widget-container\">\n\t\t\t\t\t\t\t\t\t<div class=\"elementor-button-wrapper\">\n\t\t\t\t\t<a class=\"elementor-button elementor-button-link elementor-size-sm\" href=\"\/english\/cotacao\/\">\n\t\t\t\t\t\t<span class=\"elementor-button-content-wrapper\">\n\t\t\t\t\t\t\t\t\t<span class=\"elementor-button-text\">REQUEST A QUOTE<\/span>\n\t\t\t\t\t<\/span>\n\t\t\t\t\t<\/a>\n\t\t\t\t<\/div>\n\t\t\t\t\t\t\t\t<\/div>\n\t\t\t\t<\/div>\n\t\t\t\t\t<\/div>\n\t\t<\/div>\n\t\t\t\t<div class=\"elementor-column elementor-col-50 elementor-top-column elementor-element elementor-element-d9bbbc0\" data-id=\"d9bbbc0\" data-element_type=\"column\" data-e-type=\"column\">\n\t\t\t<div class=\"elementor-widget-wrap elementor-element-populated\">\n\t\t\t\t\t\t<div class=\"elementor-element elementor-element-cd041c0 elementor-widget elementor-widget-image\" data-id=\"cd041c0\" data-element_type=\"widget\" data-e-type=\"widget\" data-widget_type=\"image.default\">\n\t\t\t\t<div class=\"elementor-widget-container\">\n\t\t\t\t\t\t\t\t\t\t\t\t\t\t\t<img fetchpriority=\"high\" decoding=\"async\" width=\"800\" height=\"534\" src=\"https:\/\/lloydpaulista.com.br\/wp-content\/uploads\/2022\/01\/AUTO.jpg\" class=\"attachment-large size-large wp-image-468\" alt=\"\" srcset=\"https:\/\/lloydpaulista.com.br\/wp-content\/uploads\/2022\/01\/AUTO.jpg 1000w, https:\/\/lloydpaulista.com.br\/wp-content\/uploads\/2022\/01\/AUTO-300x200.jpg 300w, https:\/\/lloydpaulista.com.br\/wp-content\/uploads\/2022\/01\/AUTO-768x512.jpg 768w\" sizes=\"(max-width: 800px) 100vw, 800px\" \/>\t\t\t\t\t\t\t\t\t\t\t\t\t\t\t<\/div>\n\t\t\t\t<\/div>\n\t\t\t\t\t<\/div>\n\t\t<\/div>\n\t\t\t\t\t<\/div>\n\t\t<\/section>\n\t\t\t\t<\/div>","protected":false},"excerpt":{"rendered":"<p>AUTOM\u00d3VEL Al\u00e9m da cobertura b\u00e1sica, oferecemos op\u00e7\u00f5es de coberturas complementares para melhor proteger voc\u00ea e seu ve\u00edculo: Danos a terceiros Acidentes pessoais de passageiros Carro reserva Prote\u00e7\u00e3o aos vidros Acess\u00f3rios Equipamentos Assist\u00eancia 24 horas Entre outras SOLICITE UMA COTA\u00c7\u00c3O<\/p>","protected":false},"author":1,"featured_media":0,"parent":0,"menu_order":0,"comment_status":"closed","ping_status":"closed","template":"","meta":{"footnotes":""},"class_list":["post-293","page","type-page","status-publish","hentry"],"_links":{"self":[{"href":"https:\/\/lloydpaulista.com.br\/english\/wp-json\/wp\/v2\/pages\/293","targetHints":{"allow":["GET"]}}],"collection":[{"href":"https:\/\/lloydpaulista.com.br\/english\/wp-json\/wp\/v2\/pages"}],"about":[{"href":"https:\/\/lloydpaulista.com.br\/english\/wp-json\/wp\/v2\/types\/page"}],"author":[{"embeddable":true,"href":"https:\/\/lloydpaulista.com.br\/english\/wp-json\/wp\/v2\/users\/1"}],"replies":[{"embeddable":true,"href":"https:\/\/lloydpaulista.com.br\/english\/wp-json\/wp\/v2\/comments?post=293"}],"version-history":[{"count":19,"href":"https:\/\/lloydpaulista.com.br\/english\/wp-json\/wp\/v2\/pages\/293\/revisions"}],"predecessor-version":[{"id":2445,"href":"https:\/\/lloydpaulista.com.br\/english\/wp-json\/wp\/v2\/pages\/293\/revisions\/2445"}],"wp:attachment":[{"href":"https:\/\/lloydpaulista.com.br\/english\/wp-json\/wp\/v2\/media?parent=293"}],"curies":[{"name":"wp","href":"https:\/\/api.w.org\/{rel}","templated":true}]}}